{"id":175,"date":"2020-05-18T21:24:55","date_gmt":"2020-05-18T21:24:55","guid":{"rendered":"https:\/\/www.generaciohang.hu\/?page_id=175"},"modified":"2025-11-08T17:45:40","modified_gmt":"2025-11-08T17:45:40","slug":"tamogatas","status":"publish","type":"page","link":"https:\/\/www.generaciohang.hu\/?page_id=175","title":{"rendered":"T\u00e1mogat\u00e1s"},"content":{"rendered":"\n<p>M\u0171sorainkat ingyen hallgathatod, de nem ingyen k\u00e9sz\u00fclnek. <\/p>\n\n\n\n<p>A R\u00e1di\u00f3 X egy nyitott, szabad, \u00e9s befogad\u00f3 k\u00f6z\u00f6ss\u00e9g. K\u00e9rj\u00fck seg\u00edts, hogy ez \u00edgy is maradhasson! <br>Amennyiben \u00fagy \u00e9rzed, hogy munk\u00e1nkhoz anyagilag is hozz\u00e1j\u00e1ruln\u00e1l, kattints az al\u00e1bbi linkre, mi pedig \u00e9rt\u00e9kes m\u0171sorpercekkel h\u00e1l\u00e1ljuk meg a seg\u00edts\u00e9ged! <img alt=\"\ud83d\ude42\" src=\"https:\/\/static.xx.fbcdn.net\/images\/emoji.php\/v9\/t4c\/1\/16\/1f642.png\"><\/p>\n\n\n\n<p><strong>Alap\u00edtv\u00e1nyunk sz\u00e1mlaadatai: <\/strong><br>16200106-11662246<br>MagNet Bank<br>Gener\u00e1ci\u00f3k Hangja Alap\u00edtv\u00e1ny<br><br><\/p>\n","protected":false},"excerpt":{"rendered":"<p>M\u0171sorainkat ingyen hallgathatod, de nem ingyen k\u00e9sz\u00fclnek. A R\u00e1di\u00f3 X egy nyitott, szabad, \u00e9s befogad\u00f3 k\u00f6z\u00f6ss\u00e9g. K\u00e9rj\u00fck seg\u00edts, hogy ez \u00edgy is maradhasson! Amennyiben \u00fagy \u00e9rzed, hogy munk\u00e1nkhoz anyagilag is hozz\u00e1j\u00e1ruln\u00e1l, kattints az al\u00e1bbi linkre, mi pedig \u00e9rt\u00e9kes m\u0171sorpercekkel h\u00e1l\u00e1ljuk meg a seg\u00edts\u00e9ged! Alap\u00edtv\u00e1nyunk sz\u00e1mlaadatai: 16200106-11662246MagNet BankGener\u00e1ci\u00f3k Hangja Alap\u00edtv\u00e1ny<\/p>\n","protected":false},"author":1,"featured_media":0,"parent":0,"menu_order":0,"comment_status":"closed","ping_status":"closed","template":"","meta":[],"_links":{"self":[{"href":"https:\/\/www.generaciohang.hu\/index.php?rest_route=\/wp\/v2\/pages\/175"}],"collection":[{"href":"https:\/\/www.generaciohang.hu\/index.php?rest_route=\/wp\/v2\/pages"}],"about":[{"href":"https:\/\/www.generaciohang.hu\/index.php?rest_route=\/wp\/v2\/types\/page"}],"author":[{"embeddable":true,"href":"https:\/\/www.generaciohang.hu\/index.php?rest_route=\/wp\/v2\/users\/1"}],"replies":[{"embeddable":true,"href":"https:\/\/www.generaciohang.hu\/index.php?rest_route=%2Fwp%2Fv2%2Fcomments&post=175"}],"version-history":[{"count":5,"href":"https:\/\/www.generaciohang.hu\/index.php?rest_route=\/wp\/v2\/pages\/175\/revisions"}],"predecessor-version":[{"id":400,"href":"https:\/\/www.generaciohang.hu\/index.php?rest_route=\/wp\/v2\/pages\/175\/revisions\/400"}],"wp:attachment":[{"href":"https:\/\/www.generaciohang.hu\/index.php?rest_route=%2Fwp%2Fv2%2Fmedia&parent=175"}],"curies":[{"name":"wp","href":"https:\/\/api.w.org\/{rel}","templated":true}]}}