{"id":171,"date":"2020-05-18T21:24:25","date_gmt":"2020-05-18T21:24:25","guid":{"rendered":"https:\/\/www.generaciohang.hu\/?page_id=171"},"modified":"2025-11-08T17:38:46","modified_gmt":"2025-11-08T17:38:46","slug":"kiadvanyok","status":"publish","type":"page","link":"https:\/\/www.generaciohang.hu\/?page_id=171","title":{"rendered":"Dokumentumok, besz\u00e1mol\u00f3k"},"content":{"rendered":"\n<p>Az alap\u00edtv\u00e1nnyal kapcsolatos besz\u00e1mol\u00f3kat, \u00e9s egy\u00e9b dokumentumokat itt tal\u00e1lod meg.&nbsp;<br><\/p>\n\n\n\n<div class=\"wp-block-file\"><a id=\"wp-block-file--media-d9b7ca33-ebf0-480f-9024-49e79f9ddf9d\" href=\"https:\/\/www.generaciohang.hu\/wp-content\/uploads\/2025\/11\/Generaciok-Hangja-Alapitvany-Radio-X-eves-beszamolo_2024-HU.pdf\">Generaciok-Hangja-Alapitvany-Radio-X-eves-beszamolo_2024-HU<\/a><a href=\"https:\/\/www.generaciohang.hu\/wp-content\/uploads\/2025\/11\/Generaciok-Hangja-Alapitvany-Radio-X-eves-beszamolo_2024-HU.pdf\" class=\"wp-block-file__button\" download aria-describedby=\"wp-block-file--media-d9b7ca33-ebf0-480f-9024-49e79f9ddf9d\">Let\u00f6lt\u00e9s<\/a><\/div>\n\n\n\n<div class=\"wp-block-file\"><a id=\"wp-block-file--media-7741f9e2-375c-452a-a799-c6eaf3a98fef\" href=\"https:\/\/www.generaciohang.hu\/wp-content\/uploads\/2024\/06\/EB00752572.pdf\">Gener\u00e1ci\u00f3k-Hangja-Alap\u00edtv\u00e1ny (R\u00e1di\u00f3 X) \u00e9ves besz\u00e1mol\u00f3_2023-HU<\/a><a href=\"https:\/\/www.generaciohang.hu\/wp-content\/uploads\/2024\/06\/EB00752572.pdf\" class=\"wp-block-file__button\" download aria-describedby=\"wp-block-file--media-7741f9e2-375c-452a-a799-c6eaf3a98fef\">Let\u00f6lt\u00e9s<\/a><\/div>\n\n\n\n<div class=\"wp-block-file\"><a id=\"wp-block-file--media-5c688eb2-868c-4b1e-8636-72de291a3377\" href=\"https:\/\/www.generaciohang.hu\/wp-content\/uploads\/2024\/02\/KOZHASZNU-Alapito-okirat-cimpeldany.pdf\">KOZHASZNU-Alapito-okirat<\/a><a href=\"https:\/\/www.generaciohang.hu\/wp-content\/uploads\/2024\/02\/KOZHASZNU-Alapito-okirat-cimpeldany.pdf\" class=\"wp-block-file__button\" download aria-describedby=\"wp-block-file--media-5c688eb2-868c-4b1e-8636-72de291a3377\">Let\u00f6lt\u00e9s<\/a><\/div>\n\n\n\n<div class=\"wp-block-file\"><a id=\"wp-block-file--media-fc1fbf7e-870f-427f-85e3-ef64711e3bbd\" href=\"https:\/\/www.generaciohang.hu\/wp-content\/uploads\/2023\/07\/60327_2020_9-1.pdf\">K\u00f6zhaszn\u00fas\u00e1gi k\u00e9relmet elb\u00edr\u00e1l\u00f3 m\u00f3dos\u00edt\u00f3 v\u00e9gz\u00e9s<\/a><a href=\"https:\/\/www.generaciohang.hu\/wp-content\/uploads\/2023\/07\/60327_2020_9-1.pdf\" class=\"wp-block-file__button\" download aria-describedby=\"wp-block-file--media-fc1fbf7e-870f-427f-85e3-ef64711e3bbd\">Let\u00f6lt\u00e9s<\/a><\/div>\n\n\n\n<div class=\"wp-block-file\"><a id=\"wp-block-file--media-5e8ef2fb-3d07-4fa0-8b63-2041b9db491e\" href=\"https:\/\/www.generaciohang.hu\/wp-content\/uploads\/2023\/05\/OBHGEPI_PK_842_19252607142_Generaciok_Hangja_Alapitvany_2362030606853500.pdf\">Gener\u00e1ci\u00f3k-Hangja-Alap\u00edtv\u00e1ny (R\u00e1di\u00f3 X) \u00e9ves besz\u00e1mol\u00f3_2022-HU<\/a><a href=\"https:\/\/www.generaciohang.hu\/wp-content\/uploads\/2023\/05\/OBHGEPI_PK_842_19252607142_Generaciok_Hangja_Alapitvany_2362030606853500.pdf\" class=\"wp-block-file__button\" download aria-describedby=\"wp-block-file--media-5e8ef2fb-3d07-4fa0-8b63-2041b9db491e\">Let\u00f6lt\u00e9s<\/a><\/div>\n\n\n\n<div class=\"wp-block-file\"><a id=\"wp-block-file--media-6748fa70-8ff2-4b3e-bca9-a028cf0a7f5f\" href=\"https:\/\/www.generaciohang.hu\/wp-content\/uploads\/2023\/05\/2022-jegyzokonyv.pdf\">Gener\u00e1ci\u00f3k-Hangja-Alap\u00edtv\u00e1ny-jegyz\u0151k\u00f6nyv-2022<\/a><a href=\"https:\/\/www.generaciohang.hu\/wp-content\/uploads\/2023\/05\/2022-jegyzokonyv.pdf\" class=\"wp-block-file__button\" download aria-describedby=\"wp-block-file--media-6748fa70-8ff2-4b3e-bca9-a028cf0a7f5f\">Let\u00f6lt\u00e9s<\/a><\/div>\n\n\n\n<div class=\"wp-block-file\"><a id=\"wp-block-file--media-9e4da1fd-9d5a-4867-84bd-d54d38365e5a\" href=\"https:\/\/www.generaciohang.hu\/wp-content\/uploads\/2022\/11\/RadioX_AnnualReport_2021-HU.pdf\">Gener\u00e1ci\u00f3k-Hangja-Alap\u00edtv\u00e1ny (R\u00e1di\u00f3 X) \u00e9ves besz\u00e1mol\u00f3_2021-HU<\/a><a href=\"https:\/\/www.generaciohang.hu\/wp-content\/uploads\/2022\/11\/RadioX_AnnualReport_2021-HU.pdf\" class=\"wp-block-file__button\" download aria-describedby=\"wp-block-file--media-9e4da1fd-9d5a-4867-84bd-d54d38365e5a\">Let\u00f6lt\u00e9s<\/a><\/div>\n\n\n\n<div class=\"wp-block-file\"><a id=\"wp-block-file--media-af621053-b7a8-4727-b976-a398e2dc465b\" href=\"https:\/\/www.generaciohang.hu\/wp-content\/uploads\/2022\/11\/RadioX_AnnualReport_2020-HU.pdf\">Gener\u00e1ci\u00f3k-Hangja-Alap\u00edtv\u00e1ny (R\u00e1di\u00f3 X) \u00e9ves besz\u00e1mol\u00f3_2020-HU<\/a><a href=\"https:\/\/www.generaciohang.hu\/wp-content\/uploads\/2022\/11\/RadioX_AnnualReport_2020-HU.pdf\" class=\"wp-block-file__button\" download aria-describedby=\"wp-block-file--media-af621053-b7a8-4727-b976-a398e2dc465b\">Let\u00f6lt\u00e9s<\/a><\/div>\n\n\n\n<div class=\"wp-block-file\"><a id=\"wp-block-file--media-2bc82992-1eab-4f2a-9dfa-3b12224dc214\" href=\"https:\/\/www.generaciohang.hu\/wp-content\/uploads\/2022\/04\/OBHGEPI_PK_742_19252607142_Generaciok_Hangja_Alapitvany_206085489032100-1.pdf\">2022.04.19. &#8211; Gener\u00e1ci\u00f3k-Hangja-Alap\u00edtv\u00e1ny-z\u00e1r\u00e1s-2021<\/a><a href=\"https:\/\/www.generaciohang.hu\/wp-content\/uploads\/2022\/04\/OBHGEPI_PK_742_19252607142_Generaciok_Hangja_Alapitvany_206085489032100-1.pdf\" class=\"wp-block-file__button\" download aria-describedby=\"wp-block-file--media-2bc82992-1eab-4f2a-9dfa-3b12224dc214\">Let\u00f6lt\u00e9s<\/a><\/div>\n\n\n\n<div class=\"wp-block-file\"><a id=\"wp-block-file--media-69440462-ebde-4829-99bf-b2f13bdfd0a1\" href=\"https:\/\/www.generaciohang.hu\/wp-content\/uploads\/2022\/04\/Gener\u00e1ci\u00f3k-Hangja-Alap\u00edtv\u00e1ny-z\u00e1r\u00e1s-2021.01.12.pdf\">2021.01.12. &#8211; Gener\u00e1ci\u00f3k-Hangja-Alap\u00edtv\u00e1ny-z\u00e1r\u00e1s-2020<\/a><a href=\"https:\/\/www.generaciohang.hu\/wp-content\/uploads\/2022\/04\/Gener\u00e1ci\u00f3k-Hangja-Alap\u00edtv\u00e1ny-z\u00e1r\u00e1s-2021.01.12.pdf\" class=\"wp-block-file__button\" download aria-describedby=\"wp-block-file--media-69440462-ebde-4829-99bf-b2f13bdfd0a1\">Let\u00f6lt\u00e9s<\/a><\/div>\n\n\n\n<div class=\"wp-block-file\"><a id=\"wp-block-file--media-62842d5f-c413-438d-b130-4ea3d4163753\" href=\"https:\/\/www.generaciohang.hu\/wp-content\/uploads\/2021\/01\/kozlemeny_210113.pdf\">2021.01.13. &#8211; K\u00f6zlem\u00e9ny\u00fcnk budapesti frekvenciap\u00e1ly\u00e1zaton val\u00f3 indul\u00e1sr\u00f3l<\/a><a href=\"https:\/\/www.generaciohang.hu\/wp-content\/uploads\/2021\/01\/kozlemeny_210113.pdf\" class=\"wp-block-file__button\" download aria-describedby=\"wp-block-file--media-62842d5f-c413-438d-b130-4ea3d4163753\">Let\u00f6lt\u00e9s<\/a><\/div>\n\n\n\n<div class=\"wp-block-file\"><a id=\"wp-block-file--media-906d946e-5f5a-4ba2-b32d-b34ed099ea9a\" href=\"https:\/\/www.generaciohang.hu\/wp-content\/uploads\/2022\/11\/Alapito-okirat-alairva.pdf\">Alap\u00edt\u00f3 okirat<\/a><a href=\"https:\/\/www.generaciohang.hu\/wp-content\/uploads\/2022\/11\/Alapito-okirat-alairva.pdf\" class=\"wp-block-file__button\" download aria-describedby=\"wp-block-file--media-906d946e-5f5a-4ba2-b32d-b34ed099ea9a\">Let\u00f6lt\u00e9s<\/a><\/div>\n\n\n\n<div class=\"wp-block-file\"><a id=\"wp-block-file--media-87c1eebd-21d0-458b-ad42-5213939b1e79\" href=\"https:\/\/www.generaciohang.hu\/wp-content\/uploads\/2022\/11\/Bejegyzo-vegzes-scannelt.pdf\">Alap\u00edtv\u00e1ny bejegyz\u0151 v\u00e9gz\u00e9s<\/a><a href=\"https:\/\/www.generaciohang.hu\/wp-content\/uploads\/2022\/11\/Bejegyzo-vegzes-scannelt.pdf\" class=\"wp-block-file__button\" download aria-describedby=\"wp-block-file--media-87c1eebd-21d0-458b-ad42-5213939b1e79\">Let\u00f6lt\u00e9s<\/a><\/div>\n\n\n\n<div class=\"wp-block-file\"><a id=\"wp-block-file--media-2d6e6c06-4fae-45af-8d96-56ab1c9881a7\" href=\"https:\/\/www.generaciohang.hu\/wp-content\/uploads\/2022\/11\/Radio-X-vedjegy.pdf\">R\u00e1di\u00f3 X &#8211; v\u00e9djegybejelent\u00e9s<\/a><a href=\"https:\/\/www.generaciohang.hu\/wp-content\/uploads\/2022\/11\/Radio-X-vedjegy.pdf\" class=\"wp-block-file__button\" download aria-describedby=\"wp-block-file--media-2d6e6c06-4fae-45af-8d96-56ab1c9881a7\">Let\u00f6lt\u00e9s<\/a><\/div>\n\n\n\n<div style=\"height:100px\" aria-hidden=\"true\" class=\"wp-block-spacer\"><\/div>\n\n\n\n<div style=\"height:100px\" aria-hidden=\"true\" class=\"wp-block-spacer\"><\/div>\n","protected":false},"excerpt":{"rendered":"<p>Az alap\u00edtv\u00e1nnyal kapcsolatos besz\u00e1mol\u00f3kat, \u00e9s egy\u00e9b dokumentumokat itt tal\u00e1lod meg.&nbsp;<\/p>\n","protected":false},"author":1,"featured_media":0,"parent":0,"menu_order":0,"comment_status":"closed","ping_status":"closed","template":"","meta":[],"_links":{"self":[{"href":"https:\/\/www.generaciohang.hu\/index.php?rest_route=\/wp\/v2\/pages\/171"}],"collection":[{"href":"https:\/\/www.generaciohang.hu\/index.php?rest_route=\/wp\/v2\/pages"}],"about":[{"href":"https:\/\/www.generaciohang.hu\/index.php?rest_route=\/wp\/v2\/types\/page"}],"author":[{"embeddable":true,"href":"https:\/\/www.generaciohang.hu\/index.php?rest_route=\/wp\/v2\/users\/1"}],"replies":[{"embeddable":true,"href":"https:\/\/www.generaciohang.hu\/index.php?rest_route=%2Fwp%2Fv2%2Fcomments&post=171"}],"version-history":[{"count":20,"href":"https:\/\/www.generaciohang.hu\/index.php?rest_route=\/wp\/v2\/pages\/171\/revisions"}],"predecessor-version":[{"id":394,"href":"https:\/\/www.generaciohang.hu\/index.php?rest_route=\/wp\/v2\/pages\/171\/revisions\/394"}],"wp:attachment":[{"href":"https:\/\/www.generaciohang.hu\/index.php?rest_route=%2Fwp%2Fv2%2Fmedia&parent=171"}],"curies":[{"name":"wp","href":"https:\/\/api.w.org\/{rel}","templated":true}]}}