{"id":112,"date":"2020-05-18T20:37:37","date_gmt":"2020-05-18T20:37:37","guid":{"rendered":"https:\/\/www.generaciohang.hu\/?page_id=112"},"modified":"2024-10-09T11:26:58","modified_gmt":"2024-10-09T11:26:58","slug":"elerhetoseg","status":"publish","type":"page","link":"https:\/\/www.generaciohang.hu\/?page_id=112","title":{"rendered":"El\u00e9rhet\u0151s\u00e9g\u00fcnk"},"content":{"rendered":"\n<p>Az alap\u00edtv\u00e1ny sz\u00e9khelye \u00e9s postac\u00edme: 1152 Budapest, Fazekas sor 78. 1\/1<\/p>\n\n\n\n<p>Ad\u00f3sz\u00e1m: 19252607-1-42<br>Statisztikai sz\u00e1mjel: 19252607-9499-569-01<\/p>\n\n\n\n<p><strong>Kurat\u00f3rium eln\u00f6ke:<\/strong><br>Szab\u00f3 Norbert<br>Email: szabonorbert(kukac)generaciohang.hu<\/p>\n\n\n\n<p><strong>K\u00f6zvetlen kapcsolattart\u00f3:<\/strong><br>Kem\u00e9ny D\u00e1niel (kurat\u00f3riumi tag)<br>Email: kemenydaniel(kukac)generaciohang.hu<\/p>\n\n\n\n<p>Tel: \u202d+36 (harminc) 952 9499\u202c<\/p>\n\n\n\n<p>Az Alap\u00edtv\u00e1ny \u00e1ltal m\u0171k\u00f6dtetett r\u00e1di\u00f3\u00e1llom\u00e1st keresd a\u00a0<a rel=\"noreferrer noopener\" href=\"http:\/\/www.radiox.online\" target=\"_blank\">https:\/\/www.radiox.hu<\/a>\u00a0c\u00edmen!<\/p>\n\n\n\n<p>A Gener\u00e1ci\u00f3k Hangja Alap\u00edtv\u00e1nnyal kapcsolatos d\u00f6nt\u00e9seket, illetve feladatokat a szerv kurat\u00f3riuma l\u00e1tja el.&nbsp;<\/p>\n\n\n\n<p><a href=\"https:\/\/www.generaciohang.hu\/?page_id=247\">Kurat\u00f3rium \u00f6sszet\u00e9tel\u00e9hez kattints ide!<\/a><\/p>\n\n\n\n<p>A kurat\u00f3rium tev\u00e9kenys\u00e9g\u00e9vel, illetve az egyes nyilv\u00e1nos \u00fcl\u00e9seken k\u00e9sz\u00fclt besz\u00e1mol\u00f3kkal kapcsolatban mindent megtal\u00e1lsz a \u201cDokumentumok\u201d f\u00fcl alatt.\u00a0<\/p>\n\n\n\n<div style=\"height:100px\" aria-hidden=\"true\" class=\"wp-block-spacer\"><\/div>\n","protected":false},"excerpt":{"rendered":"<p>Az alap\u00edtv\u00e1ny sz\u00e9khelye \u00e9s postac\u00edme: 1152 Budapest, Fazekas sor 78. 1\/1 Ad\u00f3sz\u00e1m: 19252607-1-42Statisztikai sz\u00e1mjel: 19252607-9499-569-01 Kurat\u00f3rium eln\u00f6ke:Szab\u00f3 NorbertEmail: szabonorbert(kukac)generaciohang.hu K\u00f6zvetlen kapcsolattart\u00f3:Kem\u00e9ny D\u00e1niel (kurat\u00f3riumi tag)Email: kemenydaniel(kukac)generaciohang.hu Tel: \u202d+36 (harminc) 952 9499\u202c Az Alap\u00edtv\u00e1ny \u00e1ltal m\u0171k\u00f6dtetett r\u00e1di\u00f3\u00e1llom\u00e1st keresd a\u00a0https:\/\/www.radiox.hu\u00a0c\u00edmen! A Gener\u00e1ci\u00f3k Hangja Alap\u00edtv\u00e1nnyal kapcsolatos d\u00f6nt\u00e9seket, illetve feladatokat a szerv kurat\u00f3riuma l\u00e1tja el.&nbsp; Kurat\u00f3rium \u00f6sszet\u00e9tel\u00e9hez kattints ide! A [&hellip;]<\/p>\n","protected":false},"author":1,"featured_media":0,"parent":0,"menu_order":0,"comment_status":"closed","ping_status":"closed","template":"","meta":[],"_links":{"self":[{"href":"https:\/\/www.generaciohang.hu\/index.php?rest_route=\/wp\/v2\/pages\/112"}],"collection":[{"href":"https:\/\/www.generaciohang.hu\/index.php?rest_route=\/wp\/v2\/pages"}],"about":[{"href":"https:\/\/www.generaciohang.hu\/index.php?rest_route=\/wp\/v2\/types\/page"}],"author":[{"embeddable":true,"href":"https:\/\/www.generaciohang.hu\/index.php?rest_route=\/wp\/v2\/users\/1"}],"replies":[{"embeddable":true,"href":"https:\/\/www.generaciohang.hu\/index.php?rest_route=%2Fwp%2Fv2%2Fcomments&post=112"}],"version-history":[{"count":16,"href":"https:\/\/www.generaciohang.hu\/index.php?rest_route=\/wp\/v2\/pages\/112\/revisions"}],"predecessor-version":[{"id":389,"href":"https:\/\/www.generaciohang.hu\/index.php?rest_route=\/wp\/v2\/pages\/112\/revisions\/389"}],"wp:attachment":[{"href":"https:\/\/www.generaciohang.hu\/index.php?rest_route=%2Fwp%2Fv2%2Fmedia&parent=112"}],"curies":[{"name":"wp","href":"https:\/\/api.w.org\/{rel}","templated":true}]}}