{"id":111,"date":"2020-05-18T20:37:37","date_gmt":"2020-05-18T20:37:37","guid":{"rendered":"https:\/\/www.generaciohang.hu\/?page_id=111"},"modified":"2022-11-28T16:47:46","modified_gmt":"2022-11-28T16:47:46","slug":"rolunk","status":"publish","type":"page","link":"https:\/\/www.generaciohang.hu\/?page_id=111","title":{"rendered":"R\u00f3lunk"},"content":{"rendered":"\n<p>A R\u00e1di\u00f3 X, \u00e9s ezen kereszt\u00fcl a Gener\u00e1ci\u00f3k Hangja Alap\u00edtv\u00e1ny alap\u00f6tlete 2020 els\u0151 negyed\u00e9v\u00e9ben fogalmaz\u00f3dott meg. Ebben az id\u0151szakban Magyarorsz\u00e1gon k\u00fcl\u00f6n\u00f6sen neh\u00e9z helyzet alakult ki mind belpolitikai, mind a Covid 19 j\u00e1rv\u00e1ny viszonylat\u00e1ban. A s\u00falyosbod\u00f3 helyzet miatt drasztikus karant\u00e9n- int\u00e9zked\u00e9seket vezetett be a korm\u00e1ny, ezzel egyid\u0151ben pedig a neh\u00e9z gazdas\u00e1gi helyzet miatt tov\u00e1bb nehezedett a t\u00e1rsadalom helyzete. Az emberek elszigetel\u0151dtek egym\u00e1st\u00f3l, r\u00e1ad\u00e1sul a f\u00fcggetlen inform\u00e1ci\u00f3s t\u00e9r olyan m\u00e9rt\u00e9kben zsugorodni kezdett a korm\u00e1ny politik\u00e1ja miatt, hogy \u00fagy \u00e9rezt\u00fck: sz\u00fcks\u00e9g van egy olyan kezdem\u00e9nyez\u00e9sre ami a megl\u00e9v\u0151 probl\u00e9m\u00e1kra \u00e9s az \u00fajonnan kialakult probl\u00e9m\u00e1kra is gy\u00f3gy\u00edr lehet. Magyarorsz\u00e1gon a j\u00e1rv\u00e1nyt megel\u0151z\u0151en is m\u00e1r s\u00falyos m\u00e9diahelyzet alakult ki, r\u00e1ad\u00e1sul egy\u00e9rtelm\u0171en tapasztalhat\u00f3 volt, hogy az \u00faj, frissen feln\u00f6vekv\u0151, vagy fiatal- feln\u0151tteket reprezent\u00e1l\u00f3 gener\u00e1ci\u00f3s csoportok egyszer\u0171en nem jutnak megsz\u00f3lal\u00e1si lehet\u0151s\u00e9ghez, nincs m\u00e9di\u00e1juk, ez\u00e1ltal nincs hangjuk &#8211; nyilv\u00e1noss\u00e1guk. Ez v\u00e9lem\u00e9ny\u00fcnk szerint er\u0151teljesen visszafogja a t\u00e1rsadalmi p\u00e1rbesz\u00e9d megfelel\u0151 kialakul\u00e1s\u00e1t.<\/p>\n\n\n\n<p>A Gener\u00e1ci\u00f3k Hangja Alap\u00edtv\u00e1ny c\u00e9lja a t\u00e1rsadalom k\u00fcl\u00f6nb\u00f6z\u0151 r\u00e9tegei k\u00f6z\u00f6tti p\u00e1rbesz\u00e9d el\u0151seg\u00edt\u00e9se. A kisebbs\u00e9gek \u00e9let\u00e9nek bemutat\u00e1sa, valamint a felz\u00e1rk\u00f3ztat\u00e1s el\u0151seg\u00edt\u00e9se. Fontosnak tartjuk, hogy ezek, a mainstream k\u00f6zbesz\u00e9db\u0151l kiszorult t\u00e9m\u00e1k sz\u00e9les k\u00f6rben is hangot kapjanak, ez\u00e9rt a nap 24 \u00f3r\u00e1j\u00e1ban a Radio X nev\u0171 \u00e1llom\u00e1s m\u0171k\u00f6d\u00e9s\u00e9t t\u00e1mogatjuk.<\/p>\n\n\n\n<p><\/p>\n\n\n\n<p><strong>ev\u00e9kenys\u00e9g\u00fcnk alapkoncepci\u00f3ja<\/strong><\/p>\n\n\n\n<p>Alapk\u00fcldet\u00e9s\u00fcnk a fentebb el\u0151adott el\u0151zm\u00e9ny alapj\u00e1n fogalmaz\u00f3dott meg:<\/p>\n\n\n\n<ul><li>Gener\u00e1ci\u00f3s m\u00e9diaszolg\u00e1ltat\u00e1s megalkot\u00e1sa a most feln\u00f6vekv\u0151, fiatal feln\u0151tt koroszt\u00e1ly sz\u00e1m\u00e1ra, ezzel nyilv\u00e1noss\u00e1g biztos\u00edt\u00e1sa egy eddig \u201changtalan\u201d, nyilv\u00e1noss\u00e1gt\u00f3l elz\u00e1rt korcsoportnak.<\/li><li>A koronav\u00edrus okozta neh\u00e9z t\u00e1rsadalmi \u00e9s gazdas\u00e1gi helyzetben egy f\u00fcggetlen m\u00e9diaszolg\u00e1ltat\u00e1s l\u00e9trehoz\u00e1sa, amely hitelesen t\u00e1j\u00e9koztat, \u00e9s lehet\u0151s\u00e9get ad a a t\u00f6rt\u00e9n\u00e9sekr\u0151l val\u00f3 f\u00fcggetlen diskurzusra. Haz\u00e1nkban a nevezett probl\u00e9ma kifejezetten meghat\u00e1roz\u00f3, mivel a vid\u00e9ki lakoss\u00e1g jelent\u0151s r\u00e9sz\u00e9nek nem \u00e1llnak rendelkez\u00e9sre a folyamatos kapcsolattart\u00e1shoz n\u00e9lk\u00fcl\u00f6zhetetlen eszk\u00f6z\u00f6k. C\u00e9l teh\u00e1t egy gener\u00e1ci\u00f3s f\u00f3rum l\u00e9trehoz\u00e1sa a neh\u00e9z helyzett\u0151l f\u00fcggetlen\u00fcl is.<\/li><li>Mindenki sz\u00e1m\u00e1ra nyitott, befogad\u00f3, diszkrimin\u00e1ci\u00f3- mentes t\u00e9r &#8211; m\u00e9diaszolg\u00e1ltat\u00e1s hossz\u00fat\u00e1v\u00fa m\u0171k\u00f6dtet\u00e9se, ahol a gondolatok szabad \u00e1raml\u00e1s\u00e1n t\u00fal sz\u00e1mmotev\u0151 szerepet kapnak gener\u00e1ci\u00f3s, a legt\u00f6bb esetben alaulreprezent\u00e1lt zenei st\u00edlusok, zen\u00e9szek, kezdem\u00e9nyez\u00e9sek.<\/li><li>Olyan k\u00f6z\u00f6ss\u00e9gi t\u00e9r megalkot\u00e1sa, melyen kereszt\u00fcl megval\u00f3sul a gener\u00e1ci\u00f3k k\u00f6z\u00f6tti hat\u00e9kony p\u00e1rbesz\u00e9d, \u00e9s amelyben a tagok egym\u00e1st\u00f3l szabadon tanulhatnak, ezzel is val\u00f3s k\u00f6z\u00f6ss\u00e9get \u00e9p\u00edtve.<\/li><li>C\u00e9lunk tov\u00e1bb\u00e1 a f\u0151sodrat\u00fa m\u00e9di\u00e1b\u00f3l kiszorult t\u00e9m\u00e1knak, kezdem\u00e9nyez\u00e9seknek bemutatkoz\u00e1si lehet\u0151s\u00e9get biztos\u00edtani. Fontosnak gondoljuk, hogy az eddig csak kisebb csoportokat el\u00e9r\u0151, a t\u00e1rsadalom sz\u00e1m\u00e1ra hasznos munk\u00e1t v\u00e9gz\u0151 szervezetek mindennapjaival a k\u00f6z\u00f6ss\u00e9g tagjai \u00e9s a hallgat\u00f3k is megismerkedhessenek.<\/li><\/ul>\n\n\n\n<p><strong>Megval\u00f3s\u00edt\u00e1s kezdete, el\u0151k\u00e9sz\u00edt\u0151 f\u00e1zisok<\/strong><\/p>\n\n\n\n<p>K\u00e9sz\u00edtett\u00fcnk egy \u201ekarant\u00e9n- r\u00e1di\u00f3t\u201d, amely kifejezetten a bez\u00e1rts\u00e1gban \u00e9l\u0151 fiatalokhoz sz\u00f3l. \u00d6nk\u00e9nteseink seg\u00edts\u00e9g\u00e9vel st\u00fadi\u00f3t \u00e9p\u00edtett\u00fck, \u00f6nk\u00f6lts\u00e9gen beszerezt\u00fcnk minden sz\u00fcks\u00e9ges berendez\u00e9st, majd a nagy sikerre val\u00f3 tekintettel felvett\u00fck az alap\u00edtv\u00e1nyi form\u00e1t. A berendez\u00e9seket javar\u00e9szt kezdetben saj\u00e1t forr\u00e1sokb\u00f3l finansz\u00edroztuk, ezek \u00e9rt\u00e9ke \u00f6sszesen mintegy 2-3 milli\u00f3 Forint volt. A j\u00e1rv\u00e1nyhelyzetre gyorsan reag\u00e1ltunk: a korl\u00e1toz\u00f3 int\u00e9zked\u00e9sek bevezet\u00e9s\u00e9t k\u00f6vet\u0151 1 h\u00f3napban a r\u00e1di\u00f3 teljesen fel\u00e9p\u00fclt, majd megkezdte 24 \u00f3r\u00e1s sug\u00e1rz\u00e1s\u00e1t az interneten. C\u00e9lunk egy\u00e9rtelm\u0171 volt: egy k\u00f6z\u00f6ss\u00e9gi r\u00e1di\u00f3t k\u00e9sz\u00edtett\u00fcnk fiatalok sz\u00e1m\u00e1ra, amely seg\u00edts\u00e9g\u00e9vel egy virtu\u00e1lis k\u00f6z\u00f6ss\u00e9gben tal\u00e1lhatj\u00e1k meg kort\u00e1rsaikat, besz\u00e9lgethetnek, kereshetnek megold\u00e1st az \u0151ket \u00e9rint\u0151 probl\u00e9m\u00e1kra. A k\u00f6z\u00f6ss\u00e9gi r\u00e1di\u00f3z\u00e1s emellett a koroszt\u00e1ly sz\u00e1m\u00e1ra mindeddig egy ismeretlen m\u0171faj volt. A m\u0171fajnak \u2013 b\u00e1r itthon komoly hagyom\u00e1nyai vannak \u2013 nincs az \u00faj gener\u00e1ci\u00f3t k\u00e9pvisel\u0151 \u00e1ga, ezen is v\u00e1ltoztatni szerett\u00fcnk volna.<\/p>\n\n\n\n<p>\u00dagynevezett besz\u00e9lget\u0151s m\u0171sorokat hoztunk l\u00e9tre, amelybe a r\u00e1di\u00f3 hallgat\u00f3i szabadon becsatlakozhattak. A m\u0171sort is \u0151k form\u00e1lt\u00e1k: ilyen m\u00f3don olyan ad\u00e1sfolyamot alak\u00edthattak ki maguknak, amely val\u00f3ban kezeli a bez\u00e1rts\u00e1got, \u00fagy, hogy \u00f6sszek\u00f6ti a hasonl\u00f3 probl\u00e9m\u00e1kkal k\u00fczd\u0151 egy\u00e9neket.A r\u00e1di\u00f3 fontos c\u00e9lkit\u0171z\u00e9se volt, hogy a karant\u00e9nban elt\u00f6lt\u00f6tt szabadid\u0151t seg\u00edtsen hasznosan kit\u00f6lteni. Ismeretterjeszt\u0151, kibesz\u00e9l\u0151 m\u0171sorokat k\u00e9sz\u00edtett\u00fcnk, amelyekkel c\u00e9lunk volt a bez\u00e1rts\u00e1gban \u00e9l\u0151 fiatalok mindennapjaiba sz\u00e1mukra relev\u00e1ns, \u00e9s \u00e9rdekfesz\u00edt\u0151 t\u00e9m\u00e1kat csemp\u00e9szni. A m\u0171sor minden este 19 \u00f3r\u00e1t\u00f3l jelentkezett, \u00e9s a hallgat\u00f3i aktivit\u00e1s f\u00fcggv\u00e9ny\u00e9ben sokszor hajnali 2-3 \u00f3r\u00e1ig besz\u00e9lget\u00e9s folyt k\u00fcl\u00f6nb\u00f6z\u0151 t\u00e9m\u00e1kr\u00f3l a hallgat\u00f3ink k\u00f6z\u00f6tt. A m\u0171sorok heti rendszeress\u00e9ggel voltak hallhat\u00f3ak a karant\u00e9n ideje alatt.<\/p>\n\n\n\n<p>Kezdetben komoly probl\u00e9m\u00e1t okozott hallgat\u00f3ink interakci\u00f3ra b\u00edr\u00e1sa. Egy nyilv\u00e1nos r\u00e1di\u00f3m\u0171sor, melyet t\u00f6bb ezer ember hallgat egy nagy k\u00f6z\u00f6ns\u00e9g, de szerencs\u00e9re a k\u00f6zvetlen hangnem bevezet\u00e9s\u00e9vel, \u00e9s a seg\u00edt\u0151 sz\u00e1nd\u00e9k \u00e9reztet\u00e9s\u00e9vel ez az akad\u00e1ly megsz\u0171nt. Alapvet\u0151en hib\u00e1s elgondol\u00e1snak tartjuk azt a fajta besz\u00e9dm\u00f3dot, amelyet a mainstream m\u00e9dia meghonos\u00edtott Magyarorsz\u00e1gon. Szerett\u00fck volna a r\u00e1di\u00f3z\u00e1st az egy\u00e9n szintj\u00e9re levinni, hogy val\u00f3ban olyan k\u00f6z\u00f6ss\u00e9gi szerepet t\u00f6lts\u00f6n be, amelyet egy ilyen szolg\u00e1ltat\u00f3, k\u00f6zszolg\u00e1lati r\u00e1di\u00f3nak be kell t\u00f6ltenie. Sok probl\u00e9m\u00e1t okozott m\u00e9g az Alap\u00edtv\u00e1ny alap\u00edt\u00e1s\u00e1nak t\u00falbonyol\u00edtott rendszere, de szerencs\u00e9re siker\u00fclt a t\u00e9m\u00e1hoz \u00e9rt\u0151 seg\u00edt\u0151t tal\u00e1lnunk, \u00edgy a bejegyz\u00e9s sikeresen megt\u00f6rt\u00e9nt.<\/p>\n\n\n\n<p>Csatlakozna a munk\u00e1nkhoz? K\u00e9rd\u00e9se van?<\/p>\n\n\n\n<p>Keressen minket!<\/p>\n\n\n\n<p>szabonorbert@generaciohang.hu<\/p>\n\n\n\n<p><\/p>\n","protected":false},"excerpt":{"rendered":"<p>A R\u00e1di\u00f3 X, \u00e9s ezen kereszt\u00fcl a Gener\u00e1ci\u00f3k Hangja Alap\u00edtv\u00e1ny alap\u00f6tlete 2020 els\u0151 negyed\u00e9v\u00e9ben fogalmaz\u00f3dott meg. Ebben az id\u0151szakban Magyarorsz\u00e1gon k\u00fcl\u00f6n\u00f6sen neh\u00e9z helyzet alakult ki mind belpolitikai, mind a Covid 19 j\u00e1rv\u00e1ny viszonylat\u00e1ban. A s\u00falyosbod\u00f3 helyzet miatt drasztikus karant\u00e9n- int\u00e9zked\u00e9seket vezetett be a korm\u00e1ny, ezzel egyid\u0151ben pedig a neh\u00e9z gazdas\u00e1gi helyzet miatt tov\u00e1bb nehezedett a [&hellip;]<\/p>\n","protected":false},"author":1,"featured_media":0,"parent":0,"menu_order":0,"comment_status":"closed","ping_status":"closed","template":"","meta":[],"_links":{"self":[{"href":"https:\/\/www.generaciohang.hu\/index.php?rest_route=\/wp\/v2\/pages\/111"}],"collection":[{"href":"https:\/\/www.generaciohang.hu\/index.php?rest_route=\/wp\/v2\/pages"}],"about":[{"href":"https:\/\/www.generaciohang.hu\/index.php?rest_route=\/wp\/v2\/types\/page"}],"author":[{"embeddable":true,"href":"https:\/\/www.generaciohang.hu\/index.php?rest_route=\/wp\/v2\/users\/1"}],"replies":[{"embeddable":true,"href":"https:\/\/www.generaciohang.hu\/index.php?rest_route=%2Fwp%2Fv2%2Fcomments&post=111"}],"version-history":[{"count":4,"href":"https:\/\/www.generaciohang.hu\/index.php?rest_route=\/wp\/v2\/pages\/111\/revisions"}],"predecessor-version":[{"id":311,"href":"https:\/\/www.generaciohang.hu\/index.php?rest_route=\/wp\/v2\/pages\/111\/revisions\/311"}],"wp:attachment":[{"href":"https:\/\/www.generaciohang.hu\/index.php?rest_route=%2Fwp%2Fv2%2Fmedia&parent=111"}],"curies":[{"name":"wp","href":"https:\/\/api.w.org\/{rel}","templated":true}]}}